{"id":13557,"date":"2022-10-29T02:21:48","date_gmt":"2022-10-28T23:21:48","guid":{"rendered":"https:\/\/akafweb.com\/?page_id=13557"},"modified":"2026-04-02T00:14:05","modified_gmt":"2026-04-01T21:14:05","slug":"support-application-startup","status":"publish","type":"page","link":"https:\/\/akafweb.com\/en\/support-application-startup\/","title":{"rendered":"Destek Ve Programlama Hizmetleri"},"content":{"rendered":"<section class=\"l-section wpb_row us_custom_4817b178 height_medium\"><div class=\"l-section-h i-cf\"><div class=\"g-cols vc_row via_flex valign_top type_default stacking_default\"><div class=\"vc_col-sm-6 wpb_column vc_column_container\"><div class=\"vc_column-inner\"><div class=\"wpb_wrapper\"><div class=\"w-separator size_huge\"><\/div><div class=\"wpb_text_column\"><div class=\"wpb_wrapper\"><p><span style=\"color: #333333; font-size: 24pt;\"><strong>Startup&#8217;\u0131n\u0131z \u0130\u00e7in Destek Hizmetleri\u00a0<\/strong><\/span><\/p>\n<\/div><\/div><div class=\"w-hwrapper align_none valign_baseline\" style=\"--hwrapper-gap:1.0rem\"><div class=\"w-iconbox iconpos_top style_outlined color_secondary align_center no_text\"><a href=\"mailto:info@akafweb.com\" class=\"w-iconbox-link\" aria-label=\"e-mail\"><div class=\"w-iconbox-icon\" style=\"font-size:28px;\"><i class=\"far fa-envelope\"><\/i><\/div><\/a><div class=\"w-iconbox-meta\"><a href=\"mailto:info@akafweb.com\" class=\"w-iconbox-link\" aria-label=\"e-mail\"><h4 class=\"w-iconbox-title\" style=\"font-size:12px;\">e-mail<\/h4><\/a><\/div><\/div><div class=\"w-iconbox iconpos_top style_outlined color_secondary align_center no_text\"><a href=\"https:\/\/akafweb.com\/iletisim-akaf\/\" class=\"w-iconbox-link\" aria-label=\"\u0130leti\u015fim Formu\"><div class=\"w-iconbox-icon\" style=\"font-size:28px;\"><i class=\"far fa-tasks\"><\/i><\/div><\/a><div class=\"w-iconbox-meta\"><a href=\"https:\/\/akafweb.com\/iletisim-akaf\/\" class=\"w-iconbox-link\" aria-label=\"\u0130leti\u015fim Formu\"><h4 class=\"w-iconbox-title\" style=\"font-size:12px;\">\u0130leti\u015fim Formu<\/h4><\/a><\/div><\/div><div class=\"w-iconbox iconpos_top style_outlined color_secondary align_center no_text\"><a href=\"tel:+908502009378\" class=\"w-iconbox-link\" aria-label=\"ara\"><div class=\"w-iconbox-icon\" style=\"font-size:28px;\"><i class=\"far fa-phone\"><\/i><\/div><\/a><div class=\"w-iconbox-meta\"><a href=\"tel:+908502009378\" class=\"w-iconbox-link\" aria-label=\"ara\"><h4 class=\"w-iconbox-title\" style=\"font-size:12px;\">ara<\/h4><\/a><\/div><\/div><\/div><div class=\"w-separator size_huge\"><\/div><\/div><\/div><\/div><div class=\"vc_col-sm-6 wpb_column vc_column_container\"><div class=\"vc_column-inner\"><div class=\"wpb_wrapper\"><\/div><\/div><\/div><\/div><\/div><\/section><section class=\"l-section wpb_row height_medium\"><div class=\"l-section-h i-cf\"><div class=\"g-cols vc_row via_flex valign_top type_default stacking_default\"><div class=\"vc_col-sm-12 wpb_column vc_column_container\"><div class=\"vc_column-inner\"><div class=\"wpb_wrapper\"><div class=\"wpb_text_column\"><div class=\"wpb_wrapper\"><div class=\"wpb_text_column\">\n<div class=\"wpb_wrapper\">\n<h2 style=\"text-align: center;\">Startuplar\u0131n Teknik Deste\u011fi ve Geli\u015ftirilmesi<\/h2>\n<\/div>\n<\/div>\n<\/div><\/div><div class=\"w-separator size_large\"><\/div><div class=\"g-cols wpb_row via_flex valign_top type_default stacking_default\"><div class=\"vc_col-sm-6 wpb_column vc_column_container\"><div class=\"vc_column-inner\"><div class=\"wpb_wrapper\"><div class=\"w-separator size_large\"><\/div><div class=\"wpb_text_column\"><div class=\"wpb_wrapper\"><p>Uygulama tasar\u0131m \u015firketlerinin temel ve \u00f6nemli g\u00f6revlerinden biri giri\u015fiminize destek hizmeti vermektir ve Akaf \u015firketinin 16 y\u0131lda (kurulu\u015f 2005) ba\u015far\u0131s\u0131n\u0131n en \u00f6nemli kalemlerinden biri de bu fakt\u00f6r olmu\u015ftur. Yani deneyimli ve profesyonel teknik ekibi ile farkl\u0131 destekleri ile m\u00fc\u015fterilerinin ve hatta \u015firketin dan\u0131\u015fmanl\u0131k s\u00f6zle\u015fmelerini kullanan di\u011fer projelerin her zaman yan\u0131ndad\u0131r. Kullan\u0131c\u0131 geri bildirimlerine ba\u011fl\u0131 olarak s\u00fcrekli de\u011fi\u015fen do\u011fas\u0131 gere\u011fi giri\u015fimler, umutsuzca bir destek ekibine ihtiya\u00e7 duyar! Yaz\u0131l\u0131m\u0131n\u0131z ne kadar iyi yaz\u0131lm\u0131\u015f olursa olsun, uygun deste\u011fi alamaman\u0131z sizi startuplar aras\u0131ndaki rekabetten kurtaracakt\u0131r.<\/p>\n<\/div><\/div><\/div><\/div><\/div><div class=\"vc_col-sm-6 wpb_column vc_column_container\"><div class=\"vc_column-inner\"><div class=\"wpb_wrapper\"><div class=\"wpb_text_column\"><div class=\"wpb_wrapper\"><p><iframe loading=\"lazy\" title=\"YouTube video player\" src=\"https:\/\/www.youtube.com\/embed\/RNh3uL-eJQ8\" width=\"560\" height=\"315\" frameborder=\"0\" allowfullscreen=\"allowfullscreen\"><\/iframe><\/p>\n<\/div><\/div><\/div><\/div><\/div><\/div><\/div><\/div><\/div><\/div><\/div><\/section><section class=\"l-section wpb_row height_medium\"><div class=\"l-section-h i-cf\"><div class=\"g-cols vc_row via_flex valign_top type_default stacking_default\"><div class=\"vc_col-sm-12 wpb_column vc_column_container\"><div class=\"vc_column-inner\"><div class=\"wpb_wrapper\"><div class=\"w-pricing style_simple items_4\"><div class=\"w-pricing-item type_default\"><div class=\"w-pricing-item-h\"><div class=\"w-pricing-item-header\"><div class=\"w-pricing-item-title\">Ba\u015flang\u0131\u00e7 Paketi<\/div><div class=\"w-pricing-item-price\">20,000<small>T\u00fcrk Lirasi<\/small><\/div><\/div><ul class=\"w-pricing-item-features\"><li class=\"w-pricing-item-feature\">10 Ki\u015fi\/Saat<\/li><li class=\"w-pricing-item-feature\">3 Ay<\/li><li class=\"w-pricing-item-feature\">Sonsuz G\u00f6rev<\/li><li class=\"w-pricing-item-feature\">24\/7 Destek<\/li><li class=\"w-pricing-item-feature\">(0% \u0130ndirim \u0130le)<\/li><\/ul><div class=\"w-pricing-item-footer\"><a class=\"w-btn us-btn-style_1\" style=\"font-size:15px\" href=\"https:\/\/wa.me\/905355077818\"><span class=\"w-btn-label\">\u0130leti\u015fim<\/span><\/a><\/div><\/div><\/div><div class=\"w-pricing-item type_default\"><div class=\"w-pricing-item-h\"><div class=\"w-pricing-item-header\"><div class=\"w-pricing-item-title\">Standart Paketi<\/div><div class=\"w-pricing-item-price\">180,000<small>T\u00fcrk Lirasi<\/small><\/div><\/div><ul class=\"w-pricing-item-features\"><li class=\"w-pricing-item-feature\">100 Ki\u015fi\/Saat<\/li><li class=\"w-pricing-item-feature\">5 Ay<\/li><li class=\"w-pricing-item-feature\">Sonsuz G\u00f6rev<\/li><li class=\"w-pricing-item-feature\">24\/7 Destek<\/li><li class=\"w-pricing-item-feature\">(%10 \u0130ndirim \u0130le)<\/li><\/ul><div class=\"w-pricing-item-footer\"><a class=\"w-btn us-btn-style_1\" style=\"font-size:15px\" href=\"https:\/\/wa.me\/905355077818\"><span class=\"w-btn-label\">\u0130leti\u015fim<\/span><\/a><\/div><\/div><\/div><div class=\"w-pricing-item type_featured\"><div class=\"w-pricing-item-h\"><div class=\"w-pricing-item-header\"><div class=\"w-pricing-item-title\">Profesyonel Paketi<\/div><div class=\"w-pricing-item-price\">480,000<small>T\u00fcrk Lirasi<\/small><\/div><\/div><ul class=\"w-pricing-item-features\"><li class=\"w-pricing-item-feature\">300 Ki\u015fi\/Saat<\/li><li class=\"w-pricing-item-feature\">7 Ay<\/li><li class=\"w-pricing-item-feature\">Sonsuz G\u00f6rev<\/li><li class=\"w-pricing-item-feature\">24\/7 Destek<\/li><li class=\"w-pricing-item-feature\">(%20 \u0130ndirim \u0130le)<\/li><\/ul><div class=\"w-pricing-item-footer\"><a class=\"w-btn us-btn-style_1\" style=\"font-size:15px\" href=\"https:\/\/wa.me\/905355077818\"><span class=\"w-btn-label\">\u0130leti\u015fim<\/span><\/a><\/div><\/div><\/div><div class=\"w-pricing-item type_default\"><div class=\"w-pricing-item-h\"><div class=\"w-pricing-item-header\"><div class=\"w-pricing-item-title\">Kurumsal Paketi<\/div><div class=\"w-pricing-item-price\">600,000<small>T\u00fcrk Lirasi<\/small><\/div><\/div><ul class=\"w-pricing-item-features\"><li class=\"w-pricing-item-feature\">600 Ki\u015fi\/Saat<\/li><li class=\"w-pricing-item-feature\">9 Ay<\/li><li class=\"w-pricing-item-feature\">Sonsuz G\u00f6rev<\/li><li class=\"w-pricing-item-feature\">24\/7 Destek<\/li><li class=\"w-pricing-item-feature\">(%50 \u0130ndirim \u0130le)<\/li><\/ul><div class=\"w-pricing-item-footer\"><a class=\"w-btn us-btn-style_1\" style=\"font-size:15px\" href=\"https:\/\/wa.me\/905355077818\"><span class=\"w-btn-label\">\u0130leti\u015fim<\/span><\/a><\/div><\/div><\/div><\/div><\/div><\/div><\/div><\/div><\/div><\/section><section class=\"l-section wpb_row height_medium\"><div class=\"l-section-h i-cf\"><div class=\"g-cols vc_row via_flex valign_top type_default stacking_default\"><div class=\"vc_col-sm-6 wpb_column vc_column_container\"><div class=\"vc_column-inner\"><div class=\"wpb_wrapper\"><div class=\"w-separator size_large\"><\/div><div class=\"w-image align_none\"><div class=\"w-image-h\"><img loading=\"lazy\" decoding=\"async\" width=\"467\" height=\"520\" src=\"https:\/\/akafweb.com\/wp-content\/uploads\/2022\/10\/Brand_new_features-1.png\" class=\"attachment-large size-large\" alt=\"\" srcset=\"https:\/\/akafweb.com\/wp-content\/uploads\/2022\/10\/Brand_new_features-1.png 467w, https:\/\/akafweb.com\/wp-content\/uploads\/2022\/10\/Brand_new_features-1-269x300.png 269w, https:\/\/akafweb.com\/wp-content\/uploads\/2022\/10\/Brand_new_features-1-359x400.png 359w\" sizes=\"(max-width: 467px) 100vw, 467px\" \/><\/div><\/div><\/div><\/div><\/div><div class=\"vc_col-sm-6 wpb_column vc_column_container\"><div class=\"vc_column-inner\"><div class=\"wpb_wrapper\"><div id=\"ultimate-heading-342069e0974017c50\" class=\"uvc-heading ult-adjust-bottom-margin ultimate-heading-342069e0974017c50 uvc-8078 \" data-hspacer=\"no_spacer\"  data-halign=\"center\" style=\"text-align:center\"><div class=\"uvc-heading-spacer no_spacer\" style=\"top\"><\/div><div class=\"uvc-main-heading ult-responsive\"  data-ultimate-target='.uvc-heading.ultimate-heading-342069e0974017c50 h2'  data-responsive-json-new='{\"font-size\":\"desktop:24px;\",\"line-height\":\"\"}' ><h2 style=\"font-weight:bold;\">Giri\u015fiminizin Teknik Destek Ve Geli\u015ftirme Y\u00f6ntemi<\/h2><\/div><div class=\"uvc-sub-heading ult-responsive\"  data-ultimate-target='.uvc-heading.ultimate-heading-342069e0974017c50 .uvc-sub-heading '  data-responsive-json-new='{\"font-size\":\"\",\"line-height\":\"\"}'  style=\"font-weight:normal;\">\n<p style=\"text-align: left;\"><span style=\"text-align: justify;\">Bu sayfada Akaf firmas\u0131n\u0131n yeni destek formatlar\u0131ndan birini tan\u0131tmak istiyoruz. Bu t\u00fcr bir destek, Akaf&#8217;\u0131n uluslararas\u0131 varl\u0131\u011f\u0131 ve 11 \u00fclkeden farkl\u0131 m\u00fc\u015fterilerle \u00e7al\u0131\u015fmas\u0131 nedeniyle elde edilmi\u015ftir. Bat\u0131&#8217;da al\u0131\u015f\u0131lagelmi\u015f olan, ba\u015flang\u0131\u00e7 \u200b\u200buygulamalar\u0131 deste\u011finin ki\u015fi-saat olarak hesaplanmas\u0131d\u0131r, bu da ba\u015flang\u0131\u00e7 \u200b\u200bd\u0131\u015f\u0131 projelerden farkl\u0131 olarak, talep edilen mod\u00fcllerin ve de\u011fi\u015fiklik taleplerinin say\u0131s\u0131n\u0131n \u00e7ok daha az oldu\u011fu ve temel olarak mod\u00fcllerin zaten oldu\u011fu anlam\u0131na gelir. Tan\u0131mlanm\u0131\u015f ve belirlenmi\u015f! Giri\u015fim projelerinde, giri\u015fimlerin do\u011fas\u0131 ve fikrin yenili\u011fi nedeniyle, kesin mod\u00fcller tahmin edilemez ve temel olarak giri\u015fimlerin kozlar\u0131 bu yenilikler ve ki\u015fiye \u00f6zel mod\u00fcllerin eklenmesidir! Bu nedenle bu destek modelinde, d\u00fczeltme veya yaz\u0131l\u0131m geli\u015ftirmeleri ve hatta pazarlama veya teknik ekibe dan\u0131\u015fma maliyeti adam-saat baz\u0131nda hesaplanmaktad\u0131r.<\/span><\/p>\n<p style=\"text-align: left;\">A\u015fa\u011f\u0131daki paketlerden birini sat\u0131n alarak her zamanki destek stresinden kurtulabilirsiniz! Kons\u00fcltasyonlar, d\u00fczeltmeler ve mod\u00fcller en d\u00fc\u015f\u00fck maliyetle yap\u0131l\u0131r ve Akaf firmas\u0131n\u0131n m\u00fc\u015fteri portal\u0131na ula\u015farak her mod\u00fcldeki programc\u0131lar\u0131n \u00e7al\u0131\u015fma saatlerini online ve anl\u0131k olarak izleyebilirsiniz. G\u00f6revlerinizi yerine getirirken son derece y\u00fcksek \u015feffafl\u0131k, ger\u00e7ek zamanl\u0131 ve g\u00fcn\u00fcn 24 saati, her mod\u00fcl\u00fcn maliyetini kendiniz hesaplaman\u0131za ve \u015firket i\u00e7in sonraki g\u00f6revleri \u00e7ok daha kolay tan\u0131mlaman\u0131za olanak tan\u0131r.<\/p>\n<\/div><\/div><\/div><\/div><\/div><\/div><\/div><\/section><section class=\"l-section wpb_row height_medium\"><div class=\"l-section-h i-cf\"><div class=\"g-cols vc_row via_flex valign_top type_default stacking_default\"><div class=\"vc_col-sm-12 wpb_column vc_column_container\"><div class=\"vc_column-inner\"><div class=\"wpb_wrapper\"><div class=\"wpb_text_column\"><div class=\"wpb_wrapper\"><div class=\"wpb_text_column\">\n<div class=\"wpb_wrapper\">\n<p style=\"text-align: center;\"><strong><span style=\"font-size: 18pt;\">Akaf Firmas\u0131n\u0131n YouTube Kanal\u0131ndaki \u0130lgili Videolar<\/span><\/strong><\/p>\n<\/div>\n<\/div>\n<\/div><\/div><div class=\"w-separator size_medium\"><\/div><div class=\"g-cols wpb_row via_flex valign_top type_default stacking_default\"><div class=\"vc_col-sm-4 wpb_column vc_column_container\"><div class=\"vc_column-inner\"><div class=\"wpb_wrapper\"><div class=\"wpb_text_column\"><div class=\"wpb_wrapper\"><p><iframe loading=\"lazy\" title=\"YouTube video player\" src=\"https:\/\/www.youtube.com\/embed\/wFNAyawrgio\" width=\"560\" height=\"315\" frameborder=\"0\" allowfullscreen=\"allowfullscreen\"><\/iframe><\/p>\n<\/div><\/div><\/div><\/div><\/div><div class=\"vc_col-sm-4 wpb_column vc_column_container\"><div class=\"vc_column-inner\"><div class=\"wpb_wrapper\"><div class=\"wpb_text_column\"><div class=\"wpb_wrapper\"><p><iframe loading=\"lazy\" title=\"YouTube video player\" src=\"https:\/\/www.youtube.com\/embed\/ZwxNpSsZgp8\" width=\"560\" height=\"315\" frameborder=\"0\" allowfullscreen=\"allowfullscreen\"><\/iframe><\/p>\n<\/div><\/div><\/div><\/div><\/div><div class=\"vc_col-sm-4 wpb_column vc_column_container\"><div class=\"vc_column-inner\"><div class=\"wpb_wrapper\"><div class=\"wpb_text_column\"><div class=\"wpb_wrapper\"><p><iframe loading=\"lazy\" title=\"YouTube video player\" src=\"https:\/\/www.youtube.com\/embed\/RNh3uL-eJQ8\" width=\"560\" height=\"315\" frameborder=\"0\" allowfullscreen=\"allowfullscreen\"><\/iframe><\/p>\n<\/div><\/div><\/div><\/div><\/div><\/div><\/div><\/div><\/div><\/div><\/div><\/section><section class=\"l-section wpb_row height_medium\" id=\"CALL_US\"><div class=\"l-section-h i-cf\"><div class=\"g-cols vc_row via_flex valign_top type_default stacking_default\"><div class=\"vc_col-sm-2 wpb_column vc_column_container\"><div class=\"vc_column-inner\"><div class=\"wpb_wrapper\"><\/div><\/div><\/div><div class=\"vc_col-sm-8 wpb_column vc_column_container\"><div class=\"vc_column-inner\"><div class=\"wpb_wrapper\"><div class=\"wpb_text_column\"><div class=\"wpb_wrapper\"><div class=\"wpb_text_column\">\n<div class=\"wpb_wrapper\">\n<p>&nbsp;<\/p>\n<p style=\"text-align: center;\"><span style=\"font-size: 24pt;\"><strong>\u00dccretsiz Dan\u0131\u015fmanl\u0131k<\/strong><\/span><\/p>\n<p style=\"text-align: justify;\">Akaf firmas\u0131n\u0131n uzmanlar\u0131n\u0131n sizinle ileti\u015fime ge\u00e7mesi ve uzmanlar\u0131m\u0131z\u0131n \u00fccretsiz tavsiyelerinden faydalanmas\u0131 i\u00e7in ileti\u015fim numaran\u0131z\u0131 a\u015fa\u011f\u0131daki kutuya yazman\u0131z yeterlidir. Akaf&#8217;a olan inanc\u0131m\u0131z, m\u00fc\u015fteriler i\u00e7in sat\u0131n alma \u00f6ncesi dan\u0131\u015fmanl\u0131\u011f\u0131n esas oldu\u011fu ger\u00e7e\u011fine dayanmaktad\u0131r ve bu \u015fekilde size \u00fccretsiz ve h\u0131zl\u0131 dan\u0131\u015fmanl\u0131k sa\u011flamaya \u00e7al\u0131\u015ft\u0131k. Akaf&#8217;\u0131n saatlik destek paketlerinden herhangi birini sat\u0131n almadan \u00f6nce mutlaka dan\u0131\u015fmanlar\u0131m\u0131zla projeniz hakk\u0131nda konu\u015fun.<\/p>\n<\/div>\n<\/div>\n<\/div><\/div><form class=\"w-form  layout_hor for_cform us_form_1\" autocomplete=\"off\" action=\"https:\/\/akafweb.com\/en\/wp-json\/wp\/v2\/pages\/13557\" method=\"post\"><div class=\"w-form-h\"><div class=\"w-form-row for_text\">\r\n\t\t<div class=\"w-form-row-field\">\r\n\t\t\t\t\t\t<input aria-label=\"Ad\u0131n\u0131z\u0131 ve telefon numaran\u0131z\u0131 giriniz !\" type=\"text\" name=\"us_form_1_text_1\" value placeholder=\"Ad\u0131n\u0131z\u0131 ve telefon numaran\u0131z\u0131 giriniz !\"\/>\r\n\t\t\t<\/div>\r\n\t\t<div class=\"w-form-row-state\">Fill out this field<\/div>\r\n<\/div>\r\n<input type=\"hidden\" name=\"action\" value=\"us_ajax_cform\" \/>\r\n<input type=\"hidden\" name=\"post_id\" value=\"0\" \/>\r\n<input type=\"hidden\" name=\"form_index\" value=\"1\" \/>\r\n<div class=\"w-form-row for_submit  align_none\">\r\n\t<button class=\"w-btn icon_atright us-btn-style_1\" aria-label=\"Sizi arayal\u0131m\" type=\"submit\">\r\n\t\t<span class=\"g-preloader type_1\"><\/span>\r\n\t\t\t\t<span class=\"w-btn-label\">Sizi arayal\u0131m<\/span>\r\n\t\t<i class=\"far fa-phone\"><\/i>\t<\/button>\r\n\t<\/div>\r\n<\/div><div class=\"w-form-message\"><\/div><div class=\"w-form-json hidden\" onclick='return {&quot;ajaxurl&quot;:&quot;https:\\\/\\\/akafweb.com\\\/wp-admin\\\/admin-ajax.php&quot;,&quot;messages&quot;:{&quot;err_empty&quot;:&quot;Fill out this field&quot;,&quot;err_size&quot;:&quot;File size cannot exceed %s MB&quot;,&quot;err_extension&quot;:&quot;%s file type is not allowed&quot;}}'><\/div><\/form><div class=\"w-separator size_medium\"><\/div><\/div><\/div><\/div><div class=\"vc_col-sm-2 wpb_column vc_column_container\"><div class=\"vc_column-inner\"><div class=\"wpb_wrapper\"><\/div><\/div><\/div><\/div><\/div><\/section><section class=\"l-section wpb_row height_medium\"><div class=\"l-section-h i-cf\"><div class=\"g-cols vc_row via_flex valign_top type_default stacking_default\"><div class=\"vc_col-sm-6 wpb_column vc_column_container\"><div class=\"vc_column-inner\"><div class=\"wpb_wrapper\"><div class=\"w-separator size_medium\"><\/div><div class=\"wpb_text_column\"><div class=\"wpb_wrapper\"><div class=\"wpb_text_column\">\n<div class=\"wpb_wrapper\">\n<p style=\"text-align: center;\"><strong><span style=\"font-size: 18pt;\">Hangi Teknolojiyi Kullan\u0131yoruz?<\/span><\/strong><\/p>\n<p style=\"text-align: justify;\">AKAF\u2019 ta uygulama olu\u015fturma teknolojisi, Uber ve Shopify\u2019 da kullan\u0131lan teknolojiyle ayn\u0131d\u0131r. Akaf\u2019 ta yap\u0131lan t\u00fcm programlamalar GraphQL mimarisi ile uygulanmaktad\u0131r ve Akaf\u2019 \u0131 eski teknolojilerden ay\u0131rmas\u0131n\u0131n nedeni budur. Ana \u00e7ekirdek NodeJS ile yaz\u0131lm\u0131\u015ft\u0131r ve Android ve IOS uygulamalar\u0131 yerel olarak yaz\u0131lm\u0131\u015ft\u0131r. Web uygulamas\u0131 ve Y\u00f6netim portal\u0131 da REACTJS ile yaz\u0131lm\u0131\u015ft\u0131r. \u015eirketin \u00f6zel sunucular\u0131nda kaynak kontrol sisteminin kullan\u0131lmas\u0131, kodlaman\u0131z\u0131n g\u00fcvenli\u011fini sa\u011flar ve Jenkins\u2019 in yaz\u0131l\u0131m geli\u015ftirmede kullan\u0131lmas\u0131, t\u00fcm programc\u0131lar\u0131n veri taban\u0131n\u0131zdan eri\u015fimini keser.<\/p>\n<\/div>\n<\/div>\n<\/div><\/div><\/div><\/div><\/div><div class=\"vc_col-sm-6 wpb_column vc_column_container\"><div class=\"vc_column-inner\"><div class=\"wpb_wrapper\"><div class=\"wpb_text_column\"><div class=\"wpb_wrapper\"><p><iframe loading=\"lazy\" title=\"YouTube video player\" src=\"https:\/\/www.youtube.com\/embed\/RNh3uL-eJQ8\" width=\"560\" height=\"315\" frameborder=\"0\" allowfullscreen=\"allowfullscreen\"><\/iframe><\/p>\n<\/div><\/div><\/div><\/div><\/div><div class=\"vc_col-sm-12 wpb_column vc_column_container\"><div class=\"vc_column-inner\"><div class=\"wpb_wrapper\"><\/div><\/div><\/div><\/div><\/div><\/section><section class=\"l-section wpb_row height_medium\"><div class=\"l-section-h i-cf\"><div class=\"g-cols vc_row via_flex valign_top type_default stacking_default\"><div class=\"vc_col-sm-12 wpb_column vc_column_container\"><div class=\"vc_column-inner\"><div class=\"wpb_wrapper\"><div class=\"w-btn-wrapper align_center\"><a class=\"w-btn us-btn-style_1 us_custom_a5c88937 icon_atleft\" href=\"#\"><i class=\"fas fa-phone\"><\/i><span class=\"w-btn-label\">(+90) 850 200 93 78<\/span><\/a><\/div><\/div><\/div><\/div><\/div><\/div><\/section><section class=\"l-section wpb_row height_medium\"><div class=\"l-section-h i-cf\"><div class=\"g-cols vc_row via_flex valign_top type_default stacking_default\"><div class=\"vc_col-sm-12 wpb_column vc_column_container\"><div class=\"vc_column-inner\"><div class=\"wpb_wrapper\"><div class=\"w-grid type_grid layout_10702 no_results_hide_grid cols_3 overflow_hidden\" id=\"us_grid_1\" data-filterable=\"true\"><style>#us_grid_1 .w-grid-item{padding:1.5rem}#us_grid_1 .w-grid-list{margin:-1.5rem -1.5rem 1.5rem}.w-grid + #us_grid_1 .w-grid-list,.w-grid-none + #us_grid_1 .w-grid-list{margin-top:1.5rem}@media (max-width:899px){#us_grid_1 .w-grid-item{width:50%}}@media (max-width:599px){#us_grid_1 .w-grid-list{margin:0}#us_grid_1 .w-grid-item{width:100%;padding:0;margin-bottom:1.5rem}}.layout_10702 .w-grid-item-h{background:#ffffff;color:#2b2c36;border-radius:0.3rem;box-shadow:0 0.03rem 0.06rem rgba(0,0,0,0.1),0 0.1rem 0.3rem rgba(0,0,0,0.1);transition-duration:0.3s}.no-touch .layout_10702 .w-grid-item-h:hover{box-shadow:0 0.12rem 0.24rem rgba(0,0,0,0.1),0 0.4rem 1.2rem rgba(0,0,0,0.15);z-index:4}.layout_10702 .usg_vwrapper_1{padding:0.8rem 1.5rem 1.5rem 1.5rem!important}.layout_10702 .usg_hwrapper_1{margin-bottom:0.3rem!important}.layout_10702 .usg_post_title_1{color:inherit!important;font-weight:400!important;font-size:18px!important}@media (max-width:480px){.layout_10702 .usg_post_title_1{font-size:1.2rem!important}}<\/style><div class=\"w-grid-list\"><\/div><div class=\"w-grid-preloader\"><div class=\"g-preloader type_1\">\r\n\t<div><\/div>\r\n<\/div>\r\n<\/div>\t<div class=\"w-grid-json hidden\" onclick='return {&quot;action&quot;:&quot;us_ajax_grid&quot;,&quot;ajax_url&quot;:&quot;https:\\\/\\\/akafweb.com\\\/wp-admin\\\/admin-ajax.php&quot;,&quot;infinite_scroll&quot;:0,&quot;max_num_pages&quot;:0,&quot;pagination&quot;:&quot;ajax&quot;,&quot;permalink_url&quot;:&quot;https:\\\/\\\/akafweb.com\\\/en\\\/wp-json\\\/wp\\\/v2\\\/pages\\\/13557\\\/&quot;,&quot;template_vars&quot;:{&quot;columns&quot;:&quot;3&quot;,&quot;exclude_items&quot;:&quot;none&quot;,&quot;img_size&quot;:&quot;default&quot;,&quot;ignore_items_size&quot;:0,&quot;items_layout&quot;:&quot;10702&quot;,&quot;items_offset&quot;:&quot;1&quot;,&quot;load_animation&quot;:&quot;none&quot;,&quot;overriding_link&quot;:&quot;none&quot;,&quot;post_id&quot;:13557,&quot;query_args&quot;:{&quot;post_type&quot;:[&quot;post&quot;],&quot;tax_query&quot;:[{&quot;taxonomy&quot;:&quot;category&quot;,&quot;field&quot;:&quot;slug&quot;,&quot;terms&quot;:[&quot;%d8%ad%d9%85%d9%84-%d9%88-%d9%86%d9%82%d9%84&quot;,&quot;mobil-uygulama-gelistirme&quot;]}],&quot;post_status&quot;:[&quot;publish&quot;],&quot;posts_per_page&quot;:&quot;3&quot;},&quot;orderby_query_args&quot;:{&quot;orderby&quot;:{&quot;date&quot;:&quot;DESC&quot;}},&quot;type&quot;:&quot;grid&quot;,&quot;us_grid_ajax_index&quot;:1,&quot;us_grid_filter_params&quot;:null,&quot;us_grid_index&quot;:1,&quot;_us_grid_post_type&quot;:&quot;post&quot;,&quot;lang&quot;:&quot;en&quot;}}'><\/div>\r\n\t<\/div><div class=\"w-grid-none type_message\">No results found.<\/div><\/div><\/div><\/div><\/div><\/div><\/section>\n<div style=\"display: none;\"\n    class=\"kk-star-ratings kksr-valign-bottom kksr-align-center \"\n    data-id=\"13557\"\n    data-slug=\"\">\n    <div class=\"kksr-stars\">\n    <div class=\"kksr-stars-inactive\">\n            <div class=\"kksr-star\" data-star=\"1\">\n            <div class=\"kksr-icon\" style=\"width: 24px; height: 24px;\"><\/div>\n        <\/div>\n            <div class=\"kksr-star\" data-star=\"2\">\n            <div class=\"kksr-icon\" style=\"width: 24px; height: 24px;\"><\/div>\n        <\/div>\n            <div class=\"kksr-star\" data-star=\"3\">\n            <div class=\"kksr-icon\" style=\"width: 24px; height: 24px;\"><\/div>\n        <\/div>\n            <div class=\"kksr-star\" data-star=\"4\">\n            <div class=\"kksr-icon\" style=\"width: 24px; height: 24px;\"><\/div>\n        <\/div>\n            <div class=\"kksr-star\" data-star=\"5\">\n            <div class=\"kksr-icon\" style=\"width: 24px; height: 24px;\"><\/div>\n        <\/div>\n    <\/div>\n    <div class=\"kksr-stars-active\" style=\"width: 140px;\">\n            <div class=\"kksr-star\">\n            <div class=\"kksr-icon\" style=\"width: 24px; height: 24px;\"><\/div>\n        <\/div>\n            <div class=\"kksr-star\">\n            <div class=\"kksr-icon\" style=\"width: 24px; height: 24px;\"><\/div>\n        <\/div>\n            <div class=\"kksr-star\">\n            <div class=\"kksr-icon\" style=\"width: 24px; height: 24px;\"><\/div>\n        <\/div>\n            <div class=\"kksr-star\">\n            <div class=\"kksr-icon\" style=\"width: 24px; height: 24px;\"><\/div>\n        <\/div>\n            <div class=\"kksr-star\">\n            <div class=\"kksr-icon\" style=\"width: 24px; height: 24px;\"><\/div>\n        <\/div>\n    <\/div>\n<\/div>\n    <div class=\"kksr-legend\">\n            <strong class=\"kksr-score\">5<\/strong>\n        <span class=\"kksr-muted\">\/<\/span>\n        <strong>5<\/strong>\n        <span class=\"kksr-muted\">(<\/span>\n        <strong class=\"kksr-count\">10<\/strong>\n        <span class=\"kksr-muted\">\n            votes        <\/span>\n        <span class=\"kksr-muted\">)<\/span>\n    <\/div>\n<\/div>\n","protected":false},"excerpt":{"rendered":"<p>5 \/ 5 ( 10 votes )<\/p>\n","protected":false},"author":3,"featured_media":13600,"parent":0,"menu_order":0,"comment_status":"closed","ping_status":"closed","template":"","meta":{"footnotes":""},"_links":{"self":[{"href":"https:\/\/akafweb.com\/en\/wp-json\/wp\/v2\/pages\/13557"}],"collection":[{"href":"https:\/\/akafweb.com\/en\/wp-json\/wp\/v2\/pages"}],"about":[{"href":"https:\/\/akafweb.com\/en\/wp-json\/wp\/v2\/types\/page"}],"author":[{"embeddable":true,"href":"https:\/\/akafweb.com\/en\/wp-json\/wp\/v2\/users\/3"}],"replies":[{"embeddable":true,"href":"https:\/\/akafweb.com\/en\/wp-json\/wp\/v2\/comments?post=13557"}],"version-history":[{"count":42,"href":"https:\/\/akafweb.com\/en\/wp-json\/wp\/v2\/pages\/13557\/revisions"}],"predecessor-version":[{"id":13559,"href":"https:\/\/akafweb.com\/en\/wp-json\/wp\/v2\/pages\/13557\/revisions\/13559"}],"wp:featuredmedia":[{"embeddable":true,"href":"https:\/\/akafweb.com\/en\/wp-json\/wp\/v2\/media\/13600"}],"wp:attachment":[{"href":"https:\/\/akafweb.com\/en\/wp-json\/wp\/v2\/media?parent=13557"}],"curies":[{"name":"wp","href":"https:\/\/api.w.org\/{rel}","templated":true}]}}